{"id":2,"date":"2024-03-07T09:31:43","date_gmt":"2024-03-07T09:31:43","guid":{"rendered":"https:\/\/danceon.be\/?page_id=2"},"modified":"2026-01-12T11:41:12","modified_gmt":"2026-01-12T10:41:12","slug":"accueil","status":"publish","type":"page","link":"https:\/\/danceon.be\/index.html\/","title":{"rendered":"Accueil"},"content":{"rendered":"<hr>\n<h1><span style=\"font-family: comic sans ms, sans-serif;\"><strong><span style=\"color: #ffffff; background-color: #000000;\">Bienvenue sur la Zic \u00e0 JP<\/span><\/strong><\/span><\/h1>\n<p><em><span style=\"font-size: 12pt;\"><strong><span style=\"color: #0000ff;\"><a href=\"http:\/\/danceon.be\/wp-content\/uploads\/2024\/10\/DSC_0038-2.jpg\"><img loading=\"lazy\" decoding=\"async\" class=\"alignleft wp-image-334\" src=\"http:\/\/danceon.be\/wp-content\/uploads\/2024\/10\/DSC_0038-2-187x300.jpg\" alt=\"\" width=\"121\" height=\"194\" srcset=\"https:\/\/danceon.be\/wp-content\/uploads\/2024\/10\/DSC_0038-2-187x300.jpg 187w, https:\/\/danceon.be\/wp-content\/uploads\/2024\/10\/DSC_0038-2.jpg 250w\" sizes=\"auto, (max-width: 121px) 100vw, 121px\" \/><\/a><\/span><\/strong><\/span><\/em><\/p>\n<p>&nbsp;<\/p>\n<p><em><span style=\"font-size: 12pt;\"><strong><span style=\"color: #0000ff;\">Mon site regroupe tous mes titres jou\u00e9s \u00e0 partir de 2012. Il se peut qu&rsquo;il y ait des doublons ou des morceaux incomplets ou encore jou\u00e9s diff\u00e9remment. J&rsquo;ai <span style=\"text-decoration: underline;\">volontairement<\/span> cach\u00e9 les titres pour que vous les trouviez par vous-m\u00eame.<br \/>\n<\/span><\/strong><\/span><\/em><\/p>\n<p><em><span style=\"font-size: 12pt;\"><strong><span style=\"color: #0000ff;\">Bonne \u00e9coute !<\/span><\/strong><\/span><\/em><\/p>\n<h1>&nbsp;<\/h1>\n<hr>\n<p style=\"text-align: center;\"><a href=\"http:\/\/danceon.be\/wp-content\/uploads\/2026\/01\/Dance_On.jpg\"><img loading=\"lazy\" decoding=\"async\" class=\"aligncenter wp-image-479 size-large\" src=\"http:\/\/danceon.be\/wp-content\/uploads\/2026\/01\/Dance_On-1024x768.jpg\" alt=\"\" width=\"662\" height=\"497\" srcset=\"https:\/\/danceon.be\/wp-content\/uploads\/2026\/01\/Dance_On-1024x768.jpg 1024w, https:\/\/danceon.be\/wp-content\/uploads\/2026\/01\/Dance_On-300x225.jpg 300w, https:\/\/danceon.be\/wp-content\/uploads\/2026\/01\/Dance_On-768x576.jpg 768w, https:\/\/danceon.be\/wp-content\/uploads\/2026\/01\/Dance_On-1536x1152.jpg 1536w, https:\/\/danceon.be\/wp-content\/uploads\/2026\/01\/Dance_On-2048x1536.jpg 2048w\" sizes=\"auto, (max-width: 662px) 100vw, 662px\" \/><\/a><em><strong><span style=\"font-size: 12pt;\">Le groupe Dance On en 2016.<\/span><\/strong><\/em><br \/>\n<em><strong><span style=\"font-size: 12pt;\">Les meilleurs accompagnateurs&nbsp;<\/span><\/strong><\/em><br \/>\n<em><strong><span style=\"font-size: 12pt;\">que j&rsquo;ai pu avoir ! <span style=\"color: #ff0000;\">\u2665\u2665\u2665<br \/>\n<span style=\"color: #000000;\">Par ordre sur la photo :<\/span> Lucien <\/span><\/span><\/strong><span style=\"font-size: 12pt;\"><span style=\"color: #ff0000;\"><sup>\u2191<\/sup><\/span><\/span><strong><span style=\"font-size: 12pt;\"><span style=\"color: #ff0000;\"> &#8211; Guy &#8211; Alain &#8211; Jean-Philippe<\/span><\/span><\/strong><\/em><\/p>\n<hr>\n<p style=\"text-align: center;\">&nbsp;<\/p>\n","protected":false},"excerpt":{"rendered":"<p>Bienvenue sur la Zic \u00e0 JP &nbsp; Mon site regroupe tous mes titres jou\u00e9s \u00e0 partir de 2012. Il se peut qu&rsquo;il y ait des doublons ou des morceaux incomplets ou encore jou\u00e9s diff\u00e9remment. J&rsquo;ai volontairement cach\u00e9 les titres pour que vous les trouviez par vous-m\u00eame. Bonne \u00e9coute ! &nbsp; Le groupe Dance On en [&hellip;]<\/p>\n","protected":false},"author":1,"featured_media":334,"parent":0,"menu_order":0,"comment_status":"open","ping_status":"open","template":"page-scs.php","meta":{"ngg_post_thumbnail":0,"footnotes":""},"class_list":["post-2","page","type-page","status-publish","has-post-thumbnail","hentry"],"_links":{"self":[{"href":"https:\/\/danceon.be\/index.html\/wp-json\/wp\/v2\/pages\/2","targetHints":{"allow":["GET"]}}],"collection":[{"href":"https:\/\/danceon.be\/index.html\/wp-json\/wp\/v2\/pages"}],"about":[{"href":"https:\/\/danceon.be\/index.html\/wp-json\/wp\/v2\/types\/page"}],"author":[{"embeddable":true,"href":"https:\/\/danceon.be\/index.html\/wp-json\/wp\/v2\/users\/1"}],"replies":[{"embeddable":true,"href":"https:\/\/danceon.be\/index.html\/wp-json\/wp\/v2\/comments?post=2"}],"version-history":[{"count":48,"href":"https:\/\/danceon.be\/index.html\/wp-json\/wp\/v2\/pages\/2\/revisions"}],"predecessor-version":[{"id":486,"href":"https:\/\/danceon.be\/index.html\/wp-json\/wp\/v2\/pages\/2\/revisions\/486"}],"wp:featuredmedia":[{"embeddable":true,"href":"https:\/\/danceon.be\/index.html\/wp-json\/wp\/v2\/media\/334"}],"wp:attachment":[{"href":"https:\/\/danceon.be\/index.html\/wp-json\/wp\/v2\/media?parent=2"}],"curies":[{"name":"wp","href":"https:\/\/api.w.org\/{rel}","templated":true}]}}